{"id":224,"date":"2026-04-08T06:56:59","date_gmt":"2026-04-08T06:56:59","guid":{"rendered":"https:\/\/grimaldi.art\/?page_id=224"},"modified":"2026-04-08T07:00:29","modified_gmt":"2026-04-08T07:00:29","slug":"mentions-legales","status":"publish","type":"page","link":"https:\/\/grimaldi.art\/index.php\/mentions-legales\/","title":{"rendered":"Mentions L\u00e9gales"},"content":{"rendered":"\n<h1 class=\"wp-block-heading\">Mentions l\u00e9gales \u2013 grimaldi.art<\/h1>\n\n\n\n<h2 class=\"wp-block-heading\">1. \u00c9diteur du site<\/h2>\n\n\n\n<p>Le site <strong>grimaldi.art<\/strong> est \u00e9dit\u00e9 par :<\/p>\n\n\n\n<ul class=\"wp-block-list\">\n<li>Nom \/ D\u00e9nomination sociale : Grimaldi <\/li>\n\n\n\n<li>Forme juridique : <strong>Artisite <\/strong><\/li>\n\n\n\n<li>Capital social : <strong>aucun<\/strong><\/li>\n\n\n\n<li>Si\u00e8ge social :Moiran<\/li>\n\n\n\n<li>Email : <strong>contact@grimaldi.art<\/strong><\/li>\n\n\n\n<li>T\u00e9l\u00e9phone : <strong>06 86 95 43 71<\/strong><\/li>\n<\/ul>\n\n\n\n<p>Directeur de la publication : <strong>Grimaldi Nad\u00e8ge <\/strong><\/p>\n\n\n\n<hr class=\"wp-block-separator has-alpha-channel-opacity\"\/>\n\n\n\n<h2 class=\"wp-block-heading\">2. H\u00e9bergement<\/h2>\n\n\n\n<p>Le site est h\u00e9berg\u00e9 par :<\/p>\n\n\n\n<ul class=\"wp-block-list\">\n<li>H\u00e9bergeur : <strong>OVH<\/strong><\/li>\n\n\n\n<li>SAS au capital de 50 000 000 \u20ac<\/li>\n\n\n\n<li>RCS Lille M\u00e9tropole 424 761 419 00045<\/li>\n\n\n\n<li>Code APE 2620Z<\/li>\n\n\n\n<li>N\u00b0 TVA : FR 22 424 761 419<\/li>\n\n\n\n<li>Si\u00e8ge social : 2 rue Kellermann &#8211; 59100 Roubaix &#8211; France<\/li>\n<\/ul>\n\n\n\n<hr class=\"wp-block-separator has-alpha-channel-opacity\"\/>\n\n\n\n<h2 class=\"wp-block-heading\">3. Propri\u00e9t\u00e9 intellectuelle<\/h2>\n\n\n\n<p>L\u2019ensemble des contenus pr\u00e9sents sur le site <strong>grimaldi.art<\/strong> (textes, images, graphismes, logo, vid\u00e9os, etc.) est prot\u00e9g\u00e9 par le droit d\u2019auteur et la propri\u00e9t\u00e9 intellectuelle.<\/p>\n\n\n\n<p>Toute reproduction, distribution, modification ou utilisation, m\u00eame partielle, sans autorisation pr\u00e9alable est strictement interdite et peut faire l\u2019objet de poursuites.<\/p>\n\n\n\n<hr class=\"wp-block-separator has-alpha-channel-opacity\"\/>\n\n\n\n<h2 class=\"wp-block-heading\">4. Donn\u00e9es personnelles<\/h2>\n\n\n\n<p>Nous n&rsquo;utilisions pas les donn\u00e9es personnelles<\/p>\n\n\n\n<hr class=\"wp-block-separator has-alpha-channel-opacity\"\/>\n\n\n\n<h2 class=\"wp-block-heading\">5. Cookies<\/h2>\n\n\n\n<p>Le site peut utiliser des cookies afin d\u2019am\u00e9liorer l\u2019exp\u00e9rience utilisateur et r\u00e9aliser des statistiques de navigation.<\/p>\n\n\n\n<p>L\u2019utilisateur peut accepter, refuser ou configurer les cookies via le bandeau pr\u00e9vu \u00e0 cet effet.<\/p>\n\n\n\n<hr class=\"wp-block-separator has-alpha-channel-opacity\"\/>\n\n\n\n<h2 class=\"wp-block-heading\">6. Responsabilit\u00e9<\/h2>\n\n\n\n<p>Les informations pr\u00e9sentes sur le site sont fournies \u00e0 titre indicatif.<\/p>\n\n\n\n<p>L\u2019\u00e9diteur ne peut garantir l\u2019exactitude, la compl\u00e9tude ou l\u2019actualit\u00e9 des contenus et ne pourra \u00eatre tenu responsable des dommages directs ou indirects li\u00e9s \u00e0 l\u2019utilisation du site.<\/p>\n\n\n\n<hr class=\"wp-block-separator has-alpha-channel-opacity\"\/>\n\n\n\n<h2 class=\"wp-block-heading\">7. Liens externes<\/h2>\n\n\n\n<p>Le site peut contenir des liens vers d\u2019autres sites.<\/p>\n\n\n\n<p>L\u2019\u00e9diteur ne peut \u00eatre tenu responsable du contenu de ces sites tiers.<\/p>\n\n\n\n<hr class=\"wp-block-separator has-alpha-channel-opacity\"\/>\n\n\n\n<h2 class=\"wp-block-heading\">8. Droit applicable<\/h2>\n\n\n\n<p>Les pr\u00e9sentes mentions l\u00e9gales sont r\u00e9gies par le droit fran\u00e7ais.<\/p>\n\n\n\n<p>En cas de litige, les tribunaux fran\u00e7ais seront seuls comp\u00e9tents.<\/p>\n","protected":false},"excerpt":{"rendered":"<p>Mentions l\u00e9gales \u2013 grimaldi.art 1. \u00c9diteur du site Le site grimaldi.art est \u00e9dit\u00e9 par : Directeur de la publication : Grimaldi Nad\u00e8ge 2. H\u00e9bergement Le site est h\u00e9berg\u00e9 par : 3. Propri\u00e9t\u00e9 intellectuelle L\u2019ensemble des contenus pr\u00e9sents sur le site grimaldi.art (textes, images, graphismes, logo, vid\u00e9os, etc.) est prot\u00e9g\u00e9 par le droit d\u2019auteur et la propri\u00e9t\u00e9 intellectuelle. Toute reproduction, distribution, modification ou utilisation, m\u00eame partielle, sans autorisation pr\u00e9alable est strictement interdite et peut faire l\u2019objet de poursuites. 4. Donn\u00e9es personnelles Nous n&rsquo;utilisions pas les donn\u00e9es personnelles 5. Cookies Le site peut utiliser des cookies afin d\u2019am\u00e9liorer l\u2019exp\u00e9rience utilisateur et r\u00e9aliser des statistiques de navigation. L\u2019utilisateur peut accepter, refuser ou configurer les cookies via le bandeau pr\u00e9vu \u00e0 cet effet. 6. Responsabilit\u00e9 Les informations pr\u00e9sentes sur le site sont fournies \u00e0 titre indicatif. L\u2019\u00e9diteur ne peut garantir l\u2019exactitude, la compl\u00e9tude ou l\u2019actualit\u00e9 des contenus et ne pourra \u00eatre tenu responsable des dommages directs ou indirects li\u00e9s \u00e0 l\u2019utilisation du site. 7. Liens externes Le site peut contenir des liens vers d\u2019autres sites. L\u2019\u00e9diteur ne peut \u00eatre tenu responsable du contenu de ces sites tiers. 8. Droit applicable Les pr\u00e9sentes mentions l\u00e9gales sont r\u00e9gies par le droit fran\u00e7ais. En cas de litige, les tribunaux fran\u00e7ais seront seuls comp\u00e9tents.<\/p>\n","protected":false},"author":1,"featured_media":0,"parent":0,"menu_order":0,"comment_status":"closed","ping_status":"closed","template":"","meta":{"site-sidebar-layout":"default","site-content-layout":"","ast-site-content-layout":"default","site-content-style":"default","site-sidebar-style":"default","ast-global-header-display":"","ast-banner-title-visibility":"","ast-main-header-display":"","ast-hfb-above-header-display":"","ast-hfb-below-header-display":"","ast-hfb-mobile-header-display":"","site-post-title":"","ast-breadcrumbs-content":"","ast-featured-img":"","footer-sml-layout":"","ast-disable-related-posts":"","theme-transparent-header-meta":"","adv-header-id-meta":"","stick-header-meta":"","header-above-stick-meta":"","header-main-stick-meta":"","header-below-stick-meta":"","astra-migrate-meta-layouts":"default","ast-page-background-enabled":"default","ast-page-background-meta":{"desktop":{"background-color":"var(--ast-global-color-5)","background-image":"","background-repeat":"repeat","background-position":"center center","background-size":"auto","background-attachment":"scroll","background-type":"","background-media":"","overlay-type":"","overlay-color":"","overlay-opacity":"","overlay-gradient":""},"tablet":{"background-color":"","background-image":"","background-repeat":"repeat","background-position":"center center","background-size":"auto","background-attachment":"scroll","background-type":"","background-media":"","overlay-type":"","overlay-color":"","overlay-opacity":"","overlay-gradient":""},"mobile":{"background-color":"","background-image":"","background-repeat":"repeat","background-position":"center center","background-size":"auto","background-attachment":"scroll","background-type":"","background-media":"","overlay-type":"","overlay-color":"","overlay-opacity":"","overlay-gradient":""}},"ast-content-background-meta":{"desktop":{"background-color":"var(--ast-global-color-4)","background-image":"","background-repeat":"repeat","background-position":"center center","background-size":"auto","background-attachment":"scroll","background-type":"","background-media":"","overlay-type":"","overlay-color":"","overlay-opacity":"","overlay-gradient":""},"tablet":{"background-color":"var(--ast-global-color-4)","background-image":"","background-repeat":"repeat","background-position":"center center","background-size":"auto","background-attachment":"scroll","background-type":"","background-media":"","overlay-type":"","overlay-color":"","overlay-opacity":"","overlay-gradient":""},"mobile":{"background-color":"var(--ast-global-color-4)","background-image":"","background-repeat":"repeat","background-position":"center center","background-size":"auto","background-attachment":"scroll","background-type":"","background-media":"","overlay-type":"","overlay-color":"","overlay-opacity":"","overlay-gradient":""}},"footnotes":""},"class_list":["post-224","page","type-page","status-publish","hentry"],"_links":{"self":[{"href":"https:\/\/grimaldi.art\/index.php\/wp-json\/wp\/v2\/pages\/224","targetHints":{"allow":["GET"]}}],"collection":[{"href":"https:\/\/grimaldi.art\/index.php\/wp-json\/wp\/v2\/pages"}],"about":[{"href":"https:\/\/grimaldi.art\/index.php\/wp-json\/wp\/v2\/types\/page"}],"author":[{"embeddable":true,"href":"https:\/\/grimaldi.art\/index.php\/wp-json\/wp\/v2\/users\/1"}],"replies":[{"embeddable":true,"href":"https:\/\/grimaldi.art\/index.php\/wp-json\/wp\/v2\/comments?post=224"}],"version-history":[{"count":3,"href":"https:\/\/grimaldi.art\/index.php\/wp-json\/wp\/v2\/pages\/224\/revisions"}],"predecessor-version":[{"id":227,"href":"https:\/\/grimaldi.art\/index.php\/wp-json\/wp\/v2\/pages\/224\/revisions\/227"}],"wp:attachment":[{"href":"https:\/\/grimaldi.art\/index.php\/wp-json\/wp\/v2\/media?parent=224"}],"curies":[{"name":"wp","href":"https:\/\/api.w.org\/{rel}","templated":true}]}}