{"id":38,"date":"2026-03-07T11:23:04","date_gmt":"2026-03-07T11:23:04","guid":{"rendered":"https:\/\/grimaldi.art\/?page_id=38"},"modified":"2026-03-15T20:26:16","modified_gmt":"2026-03-15T20:26:16","slug":"fragance","status":"publish","type":"page","link":"https:\/\/grimaldi.art\/index.php\/fragance\/","title":{"rendered":"Fragrance"},"content":{"rendered":"\t\t<div data-elementor-type=\"wp-page\" data-elementor-id=\"38\" class=\"elementor elementor-38\">\n\t\t\t\t<div class=\"elementor-element elementor-element-25757d99 e-flex e-con-boxed wpr-particle-no wpr-jarallax-no wpr-parallax-no wpr-sticky-section-no e-con e-parent\" data-id=\"25757d99\" data-element_type=\"container\" data-e-type=\"container\">\n\t\t\t\t\t<div class=\"e-con-inner\">\n\t\t<div class=\"elementor-element elementor-element-76cafe63 e-con-full e-flex wpr-particle-no wpr-jarallax-no wpr-parallax-no wpr-sticky-section-no e-con e-child\" data-id=\"76cafe63\" data-element_type=\"container\" data-e-type=\"container\">\n\t\t\t\t<div class=\"elementor-element elementor-element-514bf86 elementor-widget elementor-widget-image\" data-id=\"514bf86\" data-element_type=\"widget\" data-e-type=\"widget\" data-widget_type=\"image.default\">\n\t\t\t\t\t\t\t\t\t\t\t\t\t\t\t<img fetchpriority=\"high\" decoding=\"async\" width=\"300\" height=\"169\" src=\"https:\/\/grimaldi.art\/wp-content\/uploads\/2026\/03\/GGA-OFF-300x169.png\" class=\"attachment-medium size-medium wp-image-84\" alt=\"\" srcset=\"https:\/\/grimaldi.art\/wp-content\/uploads\/2026\/03\/GGA-OFF-300x169.png 300w, https:\/\/grimaldi.art\/wp-content\/uploads\/2026\/03\/GGA-OFF-1024x576.png 1024w, https:\/\/grimaldi.art\/wp-content\/uploads\/2026\/03\/GGA-OFF-768x432.png 768w, https:\/\/grimaldi.art\/wp-content\/uploads\/2026\/03\/GGA-OFF-1536x864.png 1536w, https:\/\/grimaldi.art\/wp-content\/uploads\/2026\/03\/GGA-OFF.png 1920w\" sizes=\"(max-width: 300px) 100vw, 300px\" \/>\t\t\t\t\t\t\t\t\t\t\t\t\t\t\t<\/div>\n\t\t\t\t<\/div>\n\t\t\t\t\t<\/div>\n\t\t\t\t<\/div>\n\t\t<div class=\"elementor-element elementor-element-5e8dce41 e-flex e-con-boxed wpr-particle-no wpr-jarallax-no wpr-parallax-no wpr-sticky-section-no e-con e-parent\" data-id=\"5e8dce41\" data-element_type=\"container\" data-e-type=\"container\" data-settings=\"{&quot;background_background&quot;:&quot;classic&quot;}\">\n\t\t\t\t\t<div class=\"e-con-inner\">\n\t\t\t\t<div class=\"elementor-element elementor-element-22d2de7d elementor-widget elementor-widget-heading\" data-id=\"22d2de7d\" data-element_type=\"widget\" data-e-type=\"widget\" data-widget_type=\"heading.default\">\n\t\t\t\t\t<h2 class=\"elementor-heading-title elementor-size-default\">FRAGRANCE<\/h2>\t\t\t\t<\/div>\n\t\t\t\t<div class=\"elementor-element elementor-element-5176f4d5 elementor-widget elementor-widget-image\" data-id=\"5176f4d5\" data-element_type=\"widget\" data-e-type=\"widget\" data-widget_type=\"image.default\">\n\t\t\t\t\t\t\t\t\t\t\t\t\t\t\t<img decoding=\"async\" src=\"https:\/\/grimaldi.art\/wp-content\/uploads\/2026\/03\/Frangance-grimaldi-art.jpg\" title=\"Frangance-grimaldi-art\" alt=\"Frangance-grimaldi-art\" loading=\"lazy\" \/>\t\t\t\t\t\t\t\t\t\t\t\t\t\t\t<\/div>\n\t\t\t\t\t<\/div>\n\t\t\t\t<\/div>\n\t\t<div class=\"elementor-element elementor-element-32c7a97e e-flex e-con-boxed wpr-particle-no wpr-jarallax-no wpr-parallax-no wpr-sticky-section-no elementor-invisible e-con e-parent\" data-id=\"32c7a97e\" data-element_type=\"container\" data-e-type=\"container\" data-settings=\"{&quot;animation&quot;:&quot;fadeInUp&quot;}\">\n\t\t\t\t\t<div class=\"e-con-inner\">\n\t\t\t\t<div class=\"elementor-element elementor-element-1da67591 elementor-widget elementor-widget-text-editor\" data-id=\"1da67591\" data-element_type=\"widget\" data-e-type=\"widget\" data-widget_type=\"text-editor.default\">\n\t\t\t\t\t\t\t\t\t<p>Oeuvres originales, inspir\u00e9s de l&rsquo;univers du Parfum et du Luxe.<br \/>Fragrance explore la m\u00e9moire des sen<span style=\"font-style: inherit; font-weight: inherit;\">s.<\/span><\/p><p>Le parfum n&rsquo;est pas repr\u00e9sent\u00e9 comme objet, mais comme une empreinte.<br \/>A travers la mati\u00e8re, les contrastes et la couleur, chaque oeuvre \u00e9voque un silage, une pr\u00e9sence, une \u00e9motion.<br \/>Le luxe devient langage, la texture devient souvenir&#8230;<\/p>\t\t\t\t\t\t\t\t<\/div>\n\t\t\t\t\t<\/div>\n\t\t\t\t<\/div>\n\t\t<div class=\"elementor-element elementor-element-155b0b59 e-flex e-con-boxed wpr-particle-no wpr-jarallax-no wpr-parallax-no wpr-sticky-section-no elementor-invisible e-con e-parent\" data-id=\"155b0b59\" data-element_type=\"container\" data-e-type=\"container\" data-settings=\"{&quot;animation&quot;:&quot;fadeInLeft&quot;}\">\n\t\t\t\t\t<div class=\"e-con-inner\">\n\t\t<div class=\"elementor-element elementor-element-1e3f477a e-con-full e-flex wpr-particle-no wpr-jarallax-no wpr-parallax-no wpr-sticky-section-no e-con e-child\" data-id=\"1e3f477a\" data-element_type=\"container\" data-e-type=\"container\">\n\t\t\t\t<div class=\"elementor-element elementor-element-550922d8 elementor-widget elementor-widget-image\" data-id=\"550922d8\" data-element_type=\"widget\" data-e-type=\"widget\" data-widget_type=\"image.default\">\n\t\t\t\t\t\t\t\t\t\t\t\t\t\t\t\t<a href=\"https:\/\/grimaldi.art\/index.php\/floraison\/\">\n\t\t\t\t\t\t\t<img decoding=\"async\" width=\"837\" height=\"1024\" src=\"https:\/\/grimaldi.art\/wp-content\/uploads\/2026\/03\/Floraison-GGA-837x1024.jpg\" class=\"elementor-animation-grow attachment-large size-large wp-image-45\" alt=\"\" srcset=\"https:\/\/grimaldi.art\/wp-content\/uploads\/2026\/03\/Floraison-GGA-837x1024.jpg 837w, https:\/\/grimaldi.art\/wp-content\/uploads\/2026\/03\/Floraison-GGA-245x300.jpg 245w, https:\/\/grimaldi.art\/wp-content\/uploads\/2026\/03\/Floraison-GGA-768x940.jpg 768w, https:\/\/grimaldi.art\/wp-content\/uploads\/2026\/03\/Floraison-GGA-1255x1536.jpg 1255w, https:\/\/grimaldi.art\/wp-content\/uploads\/2026\/03\/Floraison-GGA-1673x2048.jpg 1673w\" sizes=\"(max-width: 837px) 100vw, 837px\" \/>\t\t\t\t\t\t\t\t<\/a>\n\t\t\t\t\t\t\t\t\t\t\t\t\t\t\t<\/div>\n\t\t\t\t<div class=\"elementor-element elementor-element-11df5c7e elementor-widget elementor-widget-heading\" data-id=\"11df5c7e\" data-element_type=\"widget\" data-e-type=\"widget\" data-widget_type=\"heading.default\">\n\t\t\t\t\t<h2 class=\"elementor-heading-title elementor-size-default\"><a href=\"https:\/\/grimaldi.art\/index.php\/floraison\/\">Floraison<\/a><\/h2>\t\t\t\t<\/div>\n\t\t\t\t<\/div>\n\t\t<div class=\"elementor-element elementor-element-57dc29a7 e-con-full e-flex wpr-particle-no wpr-jarallax-no wpr-parallax-no wpr-sticky-section-no e-con e-child\" data-id=\"57dc29a7\" data-element_type=\"container\" data-e-type=\"container\">\n\t\t\t\t<div class=\"elementor-element elementor-element-65346a1 elementor-widget elementor-widget-image\" data-id=\"65346a1\" data-element_type=\"widget\" data-e-type=\"widget\" data-widget_type=\"image.default\">\n\t\t\t\t\t\t\t\t\t\t\t\t\t\t\t<img decoding=\"async\" width=\"837\" height=\"1024\" src=\"https:\/\/grimaldi.art\/wp-content\/uploads\/2026\/03\/coco-chanel-tableaux-837x1024.jpeg\" class=\"elementor-animation-grow attachment-large size-large wp-image-44\" alt=\"\" srcset=\"https:\/\/grimaldi.art\/wp-content\/uploads\/2026\/03\/coco-chanel-tableaux-837x1024.jpeg 837w, https:\/\/grimaldi.art\/wp-content\/uploads\/2026\/03\/coco-chanel-tableaux-245x300.jpeg 245w, https:\/\/grimaldi.art\/wp-content\/uploads\/2026\/03\/coco-chanel-tableaux-768x940.jpeg 768w, https:\/\/grimaldi.art\/wp-content\/uploads\/2026\/03\/coco-chanel-tableaux-1255x1536.jpeg 1255w, https:\/\/grimaldi.art\/wp-content\/uploads\/2026\/03\/coco-chanel-tableaux-1673x2048.jpeg 1673w\" sizes=\"(max-width: 837px) 100vw, 837px\" \/>\t\t\t\t\t\t\t\t\t\t\t\t\t\t\t<\/div>\n\t\t\t\t<div class=\"elementor-element elementor-element-25103453 elementor-widget elementor-widget-heading\" data-id=\"25103453\" data-element_type=\"widget\" data-e-type=\"widget\" data-widget_type=\"heading.default\">\n\t\t\t\t\t<h2 class=\"elementor-heading-title elementor-size-default\">\u00c9clat de rose<\/h2>\t\t\t\t<\/div>\n\t\t\t\t<\/div>\n\t\t<div class=\"elementor-element elementor-element-1e368ed2 e-con-full e-flex wpr-particle-no wpr-jarallax-no wpr-parallax-no wpr-sticky-section-no e-con e-child\" data-id=\"1e368ed2\" data-element_type=\"container\" data-e-type=\"container\">\n\t\t\t\t<div class=\"elementor-element elementor-element-726eb0b0 elementor-widget elementor-widget-image\" data-id=\"726eb0b0\" data-element_type=\"widget\" data-e-type=\"widget\" data-widget_type=\"image.default\">\n\t\t\t\t\t\t\t\t\t\t\t\t\t\t\t\t<a href=\"https:\/\/grimaldi.art\/index.php\/rouge-a-levres\/\">\n\t\t\t\t\t\t\t<img loading=\"lazy\" decoding=\"async\" width=\"837\" height=\"1024\" src=\"https:\/\/grimaldi.art\/wp-content\/uploads\/2026\/03\/rouge-a-levre-837x1024.webp\" class=\"elementor-animation-grow attachment-large size-large wp-image-19\" alt=\"\" srcset=\"https:\/\/grimaldi.art\/wp-content\/uploads\/2026\/03\/rouge-a-levre-837x1024.webp 837w, https:\/\/grimaldi.art\/wp-content\/uploads\/2026\/03\/rouge-a-levre-245x300.webp 245w, https:\/\/grimaldi.art\/wp-content\/uploads\/2026\/03\/rouge-a-levre-768x940.webp 768w, https:\/\/grimaldi.art\/wp-content\/uploads\/2026\/03\/rouge-a-levre-1255x1536.webp 1255w, https:\/\/grimaldi.art\/wp-content\/uploads\/2026\/03\/rouge-a-levre-1673x2048.webp 1673w\" sizes=\"(max-width: 837px) 100vw, 837px\" \/>\t\t\t\t\t\t\t\t<\/a>\n\t\t\t\t\t\t\t\t\t\t\t\t\t\t\t<\/div>\n\t\t\t\t<div class=\"elementor-element elementor-element-31794d31 elementor-widget elementor-widget-heading\" data-id=\"31794d31\" data-element_type=\"widget\" data-e-type=\"widget\" data-widget_type=\"heading.default\">\n\t\t\t\t\t<h2 class=\"elementor-heading-title elementor-size-default\"><a href=\"https:\/\/grimaldi.art\/index.php\/rouge-a-levres\/\">\u00c9closion \u00c9carlate <\/a><\/h2>\t\t\t\t<\/div>\n\t\t\t\t<\/div>\n\t\t\t\t\t<\/div>\n\t\t\t\t<\/div>\n\t\t<div class=\"elementor-element elementor-element-25352c8 e-flex e-con-boxed wpr-particle-no wpr-jarallax-no wpr-parallax-no wpr-sticky-section-no elementor-invisible e-con e-parent\" data-id=\"25352c8\" data-element_type=\"container\" data-e-type=\"container\" data-settings=\"{&quot;animation&quot;:&quot;fadeInLeft&quot;}\">\n\t\t\t\t\t<div class=\"e-con-inner\">\n\t\t<div class=\"elementor-element elementor-element-ed054a2 e-con-full e-flex wpr-particle-no wpr-jarallax-no wpr-parallax-no wpr-sticky-section-no e-con e-child\" data-id=\"ed054a2\" data-element_type=\"container\" data-e-type=\"container\">\n\t\t\t\t<div class=\"elementor-element elementor-element-5b31f55 elementor-widget elementor-widget-image\" data-id=\"5b31f55\" data-element_type=\"widget\" data-e-type=\"widget\" data-widget_type=\"image.default\">\n\t\t\t\t\t\t\t\t\t\t\t\t\t\t\t\t<a href=\"https:\/\/grimaldi.art\/index.php\/bouquet-coco\/\">\n\t\t\t\t\t\t\t<img loading=\"lazy\" decoding=\"async\" width=\"837\" height=\"1024\" src=\"https:\/\/grimaldi.art\/wp-content\/uploads\/2026\/03\/bouquet-coco-gga-moirans-837x1024.png\" class=\"elementor-animation-grow attachment-large size-large wp-image-147\" alt=\"\" srcset=\"https:\/\/grimaldi.art\/wp-content\/uploads\/2026\/03\/bouquet-coco-gga-moirans-837x1024.png 837w, https:\/\/grimaldi.art\/wp-content\/uploads\/2026\/03\/bouquet-coco-gga-moirans-245x300.png 245w, https:\/\/grimaldi.art\/wp-content\/uploads\/2026\/03\/bouquet-coco-gga-moirans-768x940.png 768w, https:\/\/grimaldi.art\/wp-content\/uploads\/2026\/03\/bouquet-coco-gga-moirans-1255x1536.png 1255w, https:\/\/grimaldi.art\/wp-content\/uploads\/2026\/03\/bouquet-coco-gga-moirans-1673x2048.png 1673w\" sizes=\"(max-width: 837px) 100vw, 837px\" \/>\t\t\t\t\t\t\t\t<\/a>\n\t\t\t\t\t\t\t\t\t\t\t\t\t\t\t<\/div>\n\t\t\t\t<div class=\"elementor-element elementor-element-bfebae9 elementor-widget elementor-widget-heading\" data-id=\"bfebae9\" data-element_type=\"widget\" data-e-type=\"widget\" data-widget_type=\"heading.default\">\n\t\t\t\t\t<h2 class=\"elementor-heading-title elementor-size-default\"><a href=\"https:\/\/grimaldi.art\/index.php\/bouquet-coco\/\">Bouquet Coco<\/a><\/h2>\t\t\t\t<\/div>\n\t\t\t\t<\/div>\n\t\t<div class=\"elementor-element elementor-element-877b69b e-con-full e-flex wpr-particle-no wpr-jarallax-no wpr-parallax-no wpr-sticky-section-no e-con e-child\" data-id=\"877b69b\" data-element_type=\"container\" data-e-type=\"container\">\n\t\t\t\t<div class=\"elementor-element elementor-element-e35c4ba elementor-widget elementor-widget-image\" data-id=\"e35c4ba\" data-element_type=\"widget\" data-e-type=\"widget\" data-widget_type=\"image.default\">\n\t\t\t\t\t\t\t\t\t\t\t\t\t\t\t\t<a href=\"https:\/\/grimaldi.art\/index.php\/elixir-noir\/\">\n\t\t\t\t\t\t\t<img loading=\"lazy\" decoding=\"async\" width=\"837\" height=\"1024\" src=\"https:\/\/grimaldi.art\/wp-content\/uploads\/2026\/03\/Chanel-numero-5-GGA-837x1024.png\" class=\"elementor-animation-grow attachment-large size-large wp-image-158\" alt=\"\" srcset=\"https:\/\/grimaldi.art\/wp-content\/uploads\/2026\/03\/Chanel-numero-5-GGA-837x1024.png 837w, https:\/\/grimaldi.art\/wp-content\/uploads\/2026\/03\/Chanel-numero-5-GGA-245x300.png 245w, https:\/\/grimaldi.art\/wp-content\/uploads\/2026\/03\/Chanel-numero-5-GGA-768x940.png 768w, https:\/\/grimaldi.art\/wp-content\/uploads\/2026\/03\/Chanel-numero-5-GGA-1255x1536.png 1255w, https:\/\/grimaldi.art\/wp-content\/uploads\/2026\/03\/Chanel-numero-5-GGA-1673x2048.png 1673w\" sizes=\"(max-width: 837px) 100vw, 837px\" \/>\t\t\t\t\t\t\t\t<\/a>\n\t\t\t\t\t\t\t\t\t\t\t\t\t\t\t<\/div>\n\t\t\t\t<div class=\"elementor-element elementor-element-c54426a elementor-widget elementor-widget-heading\" data-id=\"c54426a\" data-element_type=\"widget\" data-e-type=\"widget\" data-widget_type=\"heading.default\">\n\t\t\t\t\t<h2 class=\"elementor-heading-title elementor-size-default\"><a href=\"https:\/\/grimaldi.art\/index.php\/elixir-noir\/\">\u00c9lixir Noir<\/a><\/h2>\t\t\t\t<\/div>\n\t\t\t\t<\/div>\n\t\t<div class=\"elementor-element elementor-element-a9b70f7 e-con-full e-flex wpr-particle-no wpr-jarallax-no wpr-parallax-no wpr-sticky-section-no e-con e-child\" data-id=\"a9b70f7\" data-element_type=\"container\" data-e-type=\"container\">\n\t\t\t\t<\/div>\n\t\t\t\t\t<\/div>\n\t\t\t\t<\/div>\n\t\t\t\t<\/div>\n\t\t","protected":false},"excerpt":{"rendered":"<p>FRAGRANCE Oeuvres originales, inspir\u00e9s de l&rsquo;univers du Parfum et du Luxe.Fragrance explore la m\u00e9moire des sens. Le parfum n&rsquo;est pas repr\u00e9sent\u00e9 comme objet, mais comme une empreinte.A travers la mati\u00e8re, les contrastes et la couleur, chaque oeuvre \u00e9voque un silage, une pr\u00e9sence, une \u00e9motion.Le luxe devient langage, la texture devient souvenir&#8230; Floraison \u00c9clat de rose \u00c9closion \u00c9carlate Bouquet Coco \u00c9lixir Noir<\/p>\n","protected":false},"author":1,"featured_media":0,"parent":0,"menu_order":0,"comment_status":"closed","ping_status":"closed","template":"","meta":{"site-sidebar-layout":"no-sidebar","site-content-layout":"","ast-site-content-layout":"full-width-container","site-content-style":"default","site-sidebar-style":"default","ast-global-header-display":"","ast-banner-title-visibility":"","ast-main-header-display":"","ast-hfb-above-header-display":"","ast-hfb-below-header-display":"","ast-hfb-mobile-header-display":"","site-post-title":"disabled","ast-breadcrumbs-content":"","ast-featured-img":"disabled","footer-sml-layout":"","ast-disable-related-posts":"","theme-transparent-header-meta":"","adv-header-id-meta":"","stick-header-meta":"","header-above-stick-meta":"","header-main-stick-meta":"","header-below-stick-meta":"","astra-migrate-meta-layouts":"default","ast-page-background-enabled":"default","ast-page-background-meta":{"desktop":{"background-color":"var(--ast-global-color-5)","background-image":"","background-repeat":"repeat","background-position":"center center","background-size":"auto","background-attachment":"scroll","background-type":"","background-media":"","overlay-type":"","overlay-color":"","overlay-opacity":"","overlay-gradient":""},"tablet":{"background-color":"","background-image":"","background-repeat":"repeat","background-position":"center center","background-size":"auto","background-attachment":"scroll","background-type":"","background-media":"","overlay-type":"","overlay-color":"","overlay-opacity":"","overlay-gradient":""},"mobile":{"background-color":"","background-image":"","background-repeat":"repeat","background-position":"center center","background-size":"auto","background-attachment":"scroll","background-type":"","background-media":"","overlay-type":"","overlay-color":"","overlay-opacity":"","overlay-gradient":""}},"ast-content-background-meta":{"desktop":{"background-color":"var(--ast-global-color-4)","background-image":"","background-repeat":"repeat","background-position":"center center","background-size":"auto","background-attachment":"scroll","background-type":"","background-media":"","overlay-type":"","overlay-color":"","overlay-opacity":"","overlay-gradient":""},"tablet":{"background-color":"var(--ast-global-color-4)","background-image":"","background-repeat":"repeat","background-position":"center center","background-size":"auto","background-attachment":"scroll","background-type":"","background-media":"","overlay-type":"","overlay-color":"","overlay-opacity":"","overlay-gradient":""},"mobile":{"background-color":"var(--ast-global-color-4)","background-image":"","background-repeat":"repeat","background-position":"center center","background-size":"auto","background-attachment":"scroll","background-type":"","background-media":"","overlay-type":"","overlay-color":"","overlay-opacity":"","overlay-gradient":""}},"footnotes":""},"class_list":["post-38","page","type-page","status-publish","hentry"],"_links":{"self":[{"href":"https:\/\/grimaldi.art\/index.php\/wp-json\/wp\/v2\/pages\/38","targetHints":{"allow":["GET"]}}],"collection":[{"href":"https:\/\/grimaldi.art\/index.php\/wp-json\/wp\/v2\/pages"}],"about":[{"href":"https:\/\/grimaldi.art\/index.php\/wp-json\/wp\/v2\/types\/page"}],"author":[{"embeddable":true,"href":"https:\/\/grimaldi.art\/index.php\/wp-json\/wp\/v2\/users\/1"}],"replies":[{"embeddable":true,"href":"https:\/\/grimaldi.art\/index.php\/wp-json\/wp\/v2\/comments?post=38"}],"version-history":[{"count":31,"href":"https:\/\/grimaldi.art\/index.php\/wp-json\/wp\/v2\/pages\/38\/revisions"}],"predecessor-version":[{"id":167,"href":"https:\/\/grimaldi.art\/index.php\/wp-json\/wp\/v2\/pages\/38\/revisions\/167"}],"wp:attachment":[{"href":"https:\/\/grimaldi.art\/index.php\/wp-json\/wp\/v2\/media?parent=38"}],"curies":[{"name":"wp","href":"https:\/\/api.w.org\/{rel}","templated":true}]}}