{"id":95,"date":"2026-03-15T19:22:16","date_gmt":"2026-03-15T19:22:16","guid":{"rendered":"https:\/\/grimaldi.art\/?page_id=95"},"modified":"2026-03-21T19:50:02","modified_gmt":"2026-03-21T19:50:02","slug":"rouge-a-levres","status":"publish","type":"page","link":"https:\/\/grimaldi.art\/index.php\/rouge-a-levres\/","title":{"rendered":"\u00c9closion \u00c9carlate \u2013 Rouge \u00e0 L\u00e8vres"},"content":{"rendered":"\t\t<div data-elementor-type=\"wp-page\" data-elementor-id=\"95\" class=\"elementor elementor-95\">\n\t\t\t\t<div class=\"elementor-element elementor-element-370ba5c1 e-flex e-con-boxed wpr-particle-no wpr-jarallax-no wpr-parallax-no wpr-sticky-section-no e-con e-parent\" data-id=\"370ba5c1\" data-element_type=\"container\" data-e-type=\"container\">\n\t\t\t\t\t<div class=\"e-con-inner\">\n\t\t<div class=\"elementor-element elementor-element-7b16dfba e-con-full e-flex wpr-particle-no wpr-jarallax-no wpr-parallax-no wpr-sticky-section-no e-con e-child\" data-id=\"7b16dfba\" data-element_type=\"container\" data-e-type=\"container\">\n\t\t\t\t<div class=\"elementor-element elementor-element-6921ff96 elementor-widget elementor-widget-image\" data-id=\"6921ff96\" data-element_type=\"widget\" data-e-type=\"widget\" data-widget_type=\"image.default\">\n\t\t\t\t\t\t\t\t\t\t\t\t\t\t\t<img fetchpriority=\"high\" decoding=\"async\" width=\"300\" height=\"169\" src=\"https:\/\/grimaldi.art\/wp-content\/uploads\/2026\/03\/GGA-OFF-300x169.png\" class=\"attachment-medium size-medium wp-image-84\" alt=\"\" srcset=\"https:\/\/grimaldi.art\/wp-content\/uploads\/2026\/03\/GGA-OFF-300x169.png 300w, https:\/\/grimaldi.art\/wp-content\/uploads\/2026\/03\/GGA-OFF-1024x576.png 1024w, https:\/\/grimaldi.art\/wp-content\/uploads\/2026\/03\/GGA-OFF-768x432.png 768w, https:\/\/grimaldi.art\/wp-content\/uploads\/2026\/03\/GGA-OFF-1536x864.png 1536w, https:\/\/grimaldi.art\/wp-content\/uploads\/2026\/03\/GGA-OFF.png 1920w\" sizes=\"(max-width: 300px) 100vw, 300px\" \/>\t\t\t\t\t\t\t\t\t\t\t\t\t\t\t<\/div>\n\t\t\t\t<\/div>\n\t\t\t\t\t<\/div>\n\t\t\t\t<\/div>\n\t\t<div class=\"elementor-element elementor-element-6b4a3b7f e-flex e-con-boxed wpr-particle-no wpr-jarallax-no wpr-parallax-no wpr-sticky-section-no elementor-invisible e-con e-parent\" data-id=\"6b4a3b7f\" data-element_type=\"container\" data-e-type=\"container\" data-settings=\"{&quot;animation&quot;:&quot;fadeInUp&quot;}\">\n\t\t\t\t\t<div class=\"e-con-inner\">\n\t\t<div class=\"elementor-element elementor-element-27b52764 e-con-full e-flex wpr-particle-no wpr-jarallax-no wpr-parallax-no wpr-sticky-section-no e-con e-child\" data-id=\"27b52764\" data-element_type=\"container\" data-e-type=\"container\">\n\t\t\t\t<div class=\"elementor-element elementor-element-41629289 elementor-arrows-position-inside elementor-pagination-position-outside elementor-widget elementor-widget-image-carousel\" data-id=\"41629289\" data-element_type=\"widget\" data-e-type=\"widget\" data-settings=\"{&quot;slides_to_show&quot;:&quot;1&quot;,&quot;navigation&quot;:&quot;both&quot;,&quot;autoplay&quot;:&quot;yes&quot;,&quot;pause_on_hover&quot;:&quot;yes&quot;,&quot;pause_on_interaction&quot;:&quot;yes&quot;,&quot;autoplay_speed&quot;:5000,&quot;infinite&quot;:&quot;yes&quot;,&quot;effect&quot;:&quot;slide&quot;,&quot;speed&quot;:500}\" data-widget_type=\"image-carousel.default\">\n\t\t\t\t\t\t\t<div class=\"elementor-image-carousel-wrapper swiper\" role=\"region\" aria-roledescription=\"carousel\" aria-label=\"Carrousel d\u2019images\" dir=\"ltr\">\n\t\t\t<div class=\"elementor-image-carousel swiper-wrapper\" aria-live=\"off\">\n\t\t\t\t\t\t\t\t<div class=\"swiper-slide\" role=\"group\" aria-roledescription=\"slide\" aria-label=\"1 sur 3\"><figure class=\"swiper-slide-inner\"><img decoding=\"async\" class=\"swiper-slide-image\" src=\"https:\/\/grimaldi.art\/wp-content\/uploads\/2026\/03\/rouge-a-levre-scaled.webp\" alt=\"rouge-a\u0300-levre\" \/><\/figure><\/div><div class=\"swiper-slide\" role=\"group\" aria-roledescription=\"slide\" aria-label=\"2 sur 3\"><figure class=\"swiper-slide-inner\"><img decoding=\"async\" class=\"swiper-slide-image\" src=\"https:\/\/grimaldi.art\/wp-content\/uploads\/2026\/03\/gallery-d-art-gga-rouge-a-levre-scaled.jpeg\" alt=\"gallery d art gga rouge a levre\" \/><\/figure><\/div><div class=\"swiper-slide\" role=\"group\" aria-roledescription=\"slide\" aria-label=\"3 sur 3\"><figure class=\"swiper-slide-inner\"><img decoding=\"async\" class=\"swiper-slide-image\" src=\"https:\/\/grimaldi.art\/wp-content\/uploads\/2026\/03\/rouge-a-levres-gga-scaled.jpeg\" alt=\"rouge a\u0300 levres gga\" \/><\/figure><\/div>\t\t\t<\/div>\n\t\t\t\t\t\t\t\t\t\t\t\t<div class=\"elementor-swiper-button elementor-swiper-button-prev\" role=\"button\" tabindex=\"0\">\n\t\t\t\t\t\t<svg aria-hidden=\"true\" class=\"e-font-icon-svg e-eicon-chevron-left\" viewBox=\"0 0 1000 1000\" xmlns=\"http:\/\/www.w3.org\/2000\/svg\"><path d=\"M646 125C629 125 613 133 604 142L308 442C296 454 292 471 292 487 292 504 296 521 308 533L604 854C617 867 629 875 646 875 663 875 679 871 692 858 704 846 713 829 713 812 713 796 708 779 692 767L438 487 692 225C700 217 708 204 708 187 708 171 704 154 692 142 675 129 663 125 646 125Z\"><\/path><\/svg>\t\t\t\t\t<\/div>\n\t\t\t\t\t<div class=\"elementor-swiper-button elementor-swiper-button-next\" role=\"button\" tabindex=\"0\">\n\t\t\t\t\t\t<svg aria-hidden=\"true\" class=\"e-font-icon-svg e-eicon-chevron-right\" viewBox=\"0 0 1000 1000\" xmlns=\"http:\/\/www.w3.org\/2000\/svg\"><path d=\"M696 533C708 521 713 504 713 487 713 471 708 454 696 446L400 146C388 133 375 125 354 125 338 125 325 129 313 142 300 154 292 171 292 187 292 204 296 221 308 233L563 492 304 771C292 783 288 800 288 817 288 833 296 850 308 863 321 871 338 875 354 875 371 875 388 867 400 854L696 533Z\"><\/path><\/svg>\t\t\t\t\t<\/div>\n\t\t\t\t\n\t\t\t\t\t\t\t\t\t<div class=\"swiper-pagination\"><\/div>\n\t\t\t\t\t\t\t\t\t<\/div>\n\t\t\t\t\t\t<\/div>\n\t\t\t\t<\/div>\n\t\t<div class=\"elementor-element elementor-element-1ab2f128 e-con-full e-flex wpr-particle-no wpr-jarallax-no wpr-parallax-no wpr-sticky-section-no e-con e-child\" data-id=\"1ab2f128\" data-element_type=\"container\" data-e-type=\"container\">\n\t\t\t\t<div class=\"elementor-element elementor-element-14ab7ec5 elementor-widget elementor-widget-spacer\" data-id=\"14ab7ec5\" data-element_type=\"widget\" data-e-type=\"widget\" data-widget_type=\"spacer.default\">\n\t\t\t\t\t\t\t<div class=\"elementor-spacer\">\n\t\t\t<div class=\"elementor-spacer-inner\"><\/div>\n\t\t<\/div>\n\t\t\t\t\t\t<\/div>\n\t\t\t\t<div class=\"elementor-element elementor-element-db9d46b elementor-widget elementor-widget-heading\" data-id=\"db9d46b\" data-element_type=\"widget\" data-e-type=\"widget\" data-widget_type=\"heading.default\">\n\t\t\t\t\t<h2 class=\"elementor-heading-title elementor-size-default\">\u00c9closion \u00c9carlate <br>Rouge \u00e0 L\u00e8vres<\/h2>\t\t\t\t<\/div>\n\t\t\t\t<div class=\"elementor-element elementor-element-2650d12 elementor-widget elementor-widget-text-editor\" data-id=\"2650d12\" data-element_type=\"widget\" data-e-type=\"widget\" data-widget_type=\"text-editor.default\">\n\t\t\t\t\t\t\t\t\t<div><div dir=\"auto\" data-message-author-role=\"assistant\" data-message-id=\"49855aea-c2b7-4e74-9342-db686e98f354\" data-message-model-slug=\"gpt-5-2\"><div><div><p data-start=\"0\" data-end=\"369\" data-is-last-node=\"\" data-is-only-node=\"\">Cette \u0153uvre fait partie d\u2019une s\u00e9rie consacr\u00e9e \u00e0 l\u2019univers du luxe et de la beaut\u00e9. La composition repr\u00e9sente un rouge \u00e0 l\u00e8vres Dior avec son bouchon pos\u00e9 \u00e0 c\u00f4t\u00e9, entour\u00e9 de petites fleurs. La mati\u00e8re est enrichie de reliefs et de pierres d\u00e9coratives, apportant texture, \u00e9clat et profondeur \u00e0 l\u2019ensemble.<\/p><\/div><\/div><\/div><\/div>\t\t\t\t\t\t\t\t<\/div>\n\t\t\t\t<\/div>\n\t\t\t\t\t<\/div>\n\t\t\t\t<\/div>\n\t\t<div class=\"elementor-element elementor-element-69b19523 e-flex e-con-boxed wpr-particle-no wpr-jarallax-no wpr-parallax-no wpr-sticky-section-no e-con e-parent\" data-id=\"69b19523\" data-element_type=\"container\" data-e-type=\"container\">\n\t\t\t\t\t<div class=\"e-con-inner\">\n\t\t<div class=\"elementor-element elementor-element-10df575e e-con-full e-flex wpr-particle-no wpr-jarallax-no wpr-parallax-no wpr-sticky-section-no e-con e-child\" data-id=\"10df575e\" data-element_type=\"container\" data-e-type=\"container\">\n\t\t\t\t<div class=\"elementor-element elementor-element-7f536fd4 elementor-widget elementor-widget-text-editor\" data-id=\"7f536fd4\" data-element_type=\"widget\" data-e-type=\"widget\" data-widget_type=\"text-editor.default\">\n\t\t\t\t\t\t\t\t\t<p><strong>Titre de l\u2019\u0153uvre :<\/strong> \u00c9closion \u00c9carlate \u2013 Rouge \u00e0 L\u00e8vres&nbsp;<\/p>\n<p><strong>Artiste<\/strong> : Nad\u00e8ge Grimaldi&nbsp;<\/p><p><strong>Ann\u00e9e<\/strong> : 2026&nbsp;<\/p>\n<p><strong>Technique<\/strong> : Acrylique et techniques mixtes, feuille d\u2019or, strass\/cristaux et petites pierres d\u00e9coratives&nbsp;<\/p>\n<p><strong>Support<\/strong> :&nbsp; Toile sur ch\u00e2ssis&nbsp;<\/p>\n<p><strong>Dimensions<\/strong> : 73 x 92 cm&nbsp;<\/p>\n<p><b>S\u00e9rie\/Collection :<\/b> Luxury Beauty Collection \u2013 Fragrance&nbsp;<\/p>\n<p><strong>Num\u00e9ro d\u2019\u0153uvre :<\/strong> GGA 2026 002<\/p>\t\t\t\t\t\t\t\t<\/div>\n\t\t\t\t<\/div>\n\t\t<div class=\"elementor-element elementor-element-344fbf4e e-con-full e-flex wpr-particle-no wpr-jarallax-no wpr-parallax-no wpr-sticky-section-no e-con e-child\" data-id=\"344fbf4e\" data-element_type=\"container\" data-e-type=\"container\">\n\t\t\t\t<\/div>\n\t\t\t\t\t<\/div>\n\t\t\t\t<\/div>\n\t\t\t\t<\/div>\n\t\t","protected":false},"excerpt":{"rendered":"<p>\u00c9closion \u00c9carlate Rouge \u00e0 L\u00e8vres Cette \u0153uvre fait partie d\u2019une s\u00e9rie consacr\u00e9e \u00e0 l\u2019univers du luxe et de la beaut\u00e9. La composition repr\u00e9sente un rouge \u00e0 l\u00e8vres Dior avec son bouchon pos\u00e9 \u00e0 c\u00f4t\u00e9, entour\u00e9 de petites fleurs. La mati\u00e8re est enrichie de reliefs et de pierres d\u00e9coratives, apportant texture, \u00e9clat et profondeur \u00e0 l\u2019ensemble. Titre de l\u2019\u0153uvre : \u00c9closion \u00c9carlate \u2013 Rouge \u00e0 L\u00e8vres&nbsp; Artiste : Nad\u00e8ge Grimaldi&nbsp; Ann\u00e9e : 2026&nbsp; Technique : Acrylique et techniques mixtes, feuille d\u2019or, strass\/cristaux et petites pierres d\u00e9coratives&nbsp; Support :&nbsp; Toile sur ch\u00e2ssis&nbsp; Dimensions : 73 x 92 cm&nbsp; S\u00e9rie\/Collection : Luxury Beauty Collection \u2013 Fragrance&nbsp; Num\u00e9ro d\u2019\u0153uvre : GGA 2026 002<\/p>\n","protected":false},"author":1,"featured_media":19,"parent":0,"menu_order":0,"comment_status":"closed","ping_status":"closed","template":"","meta":{"site-sidebar-layout":"no-sidebar","site-content-layout":"","ast-site-content-layout":"full-width-container","site-content-style":"default","site-sidebar-style":"default","ast-global-header-display":"","ast-banner-title-visibility":"","ast-main-header-display":"","ast-hfb-above-header-display":"","ast-hfb-below-header-display":"","ast-hfb-mobile-header-display":"","site-post-title":"disabled","ast-breadcrumbs-content":"","ast-featured-img":"disabled","footer-sml-layout":"","ast-disable-related-posts":"","theme-transparent-header-meta":"","adv-header-id-meta":"","stick-header-meta":"","header-above-stick-meta":"","header-main-stick-meta":"","header-below-stick-meta":"","astra-migrate-meta-layouts":"default","ast-page-background-enabled":"default","ast-page-background-meta":{"desktop":{"background-color":"var(--ast-global-color-5)","background-image":"","background-repeat":"repeat","background-position":"center center","background-size":"auto","background-attachment":"scroll","background-type":"","background-media":"","overlay-type":"","overlay-color":"","overlay-opacity":"","overlay-gradient":""},"tablet":{"background-color":"","background-image":"","background-repeat":"repeat","background-position":"center center","background-size":"auto","background-attachment":"scroll","background-type":"","background-media":"","overlay-type":"","overlay-color":"","overlay-opacity":"","overlay-gradient":""},"mobile":{"background-color":"","background-image":"","background-repeat":"repeat","background-position":"center center","background-size":"auto","background-attachment":"scroll","background-type":"","background-media":"","overlay-type":"","overlay-color":"","overlay-opacity":"","overlay-gradient":""}},"ast-content-background-meta":{"desktop":{"background-color":"var(--ast-global-color-4)","background-image":"","background-repeat":"repeat","background-position":"center center","background-size":"auto","background-attachment":"scroll","background-type":"","background-media":"","overlay-type":"","overlay-color":"","overlay-opacity":"","overlay-gradient":""},"tablet":{"background-color":"var(--ast-global-color-4)","background-image":"","background-repeat":"repeat","background-position":"center center","background-size":"auto","background-attachment":"scroll","background-type":"","background-media":"","overlay-type":"","overlay-color":"","overlay-opacity":"","overlay-gradient":""},"mobile":{"background-color":"var(--ast-global-color-4)","background-image":"","background-repeat":"repeat","background-position":"center center","background-size":"auto","background-attachment":"scroll","background-type":"","background-media":"","overlay-type":"","overlay-color":"","overlay-opacity":"","overlay-gradient":""}},"footnotes":""},"class_list":["post-95","page","type-page","status-publish","has-post-thumbnail","hentry"],"_links":{"self":[{"href":"https:\/\/grimaldi.art\/index.php\/wp-json\/wp\/v2\/pages\/95","targetHints":{"allow":["GET"]}}],"collection":[{"href":"https:\/\/grimaldi.art\/index.php\/wp-json\/wp\/v2\/pages"}],"about":[{"href":"https:\/\/grimaldi.art\/index.php\/wp-json\/wp\/v2\/types\/page"}],"author":[{"embeddable":true,"href":"https:\/\/grimaldi.art\/index.php\/wp-json\/wp\/v2\/users\/1"}],"replies":[{"embeddable":true,"href":"https:\/\/grimaldi.art\/index.php\/wp-json\/wp\/v2\/comments?post=95"}],"version-history":[{"count":17,"href":"https:\/\/grimaldi.art\/index.php\/wp-json\/wp\/v2\/pages\/95\/revisions"}],"predecessor-version":[{"id":219,"href":"https:\/\/grimaldi.art\/index.php\/wp-json\/wp\/v2\/pages\/95\/revisions\/219"}],"wp:featuredmedia":[{"embeddable":true,"href":"https:\/\/grimaldi.art\/index.php\/wp-json\/wp\/v2\/media\/19"}],"wp:attachment":[{"href":"https:\/\/grimaldi.art\/index.php\/wp-json\/wp\/v2\/media?parent=95"}],"curies":[{"name":"wp","href":"https:\/\/api.w.org\/{rel}","templated":true}]}}